{"id":853,"date":"2023-05-07T10:55:00","date_gmt":"2023-05-07T08:55:00","guid":{"rendered":"https:\/\/www.mycsr.de\/home\/?page_id=853"},"modified":"2024-03-02T12:28:59","modified_gmt":"2024-03-02T11:28:59","slug":"archiv-2023","status":"publish","type":"page","link":"https:\/\/www.mycsr.de\/home\/archiv-2023\/","title":{"rendered":"Archiv 2023"},"content":{"rendered":"<h3><a href=\"https:\/\/www.mycsr.de\/home\/wp-content\/uploads\/2023\/12\/Broetchenverkauf-Spende.pdf\" class=\"pdfemb-viewer\" style=\"\" data-width=\"max\" data-height=\"max\" data-toolbar=\"bottom\" data-toolbar-fixed=\"off\">Br\u00f6tchenverkauf Spende<\/a><\/h3>\n<h3><\/h3>\n<h3><a href=\"https:\/\/www.mycsr.de\/home\/wp-content\/uploads\/2023\/12\/Vorleseaktion-2023.pdf\" class=\"pdfemb-viewer\" style=\"\" data-width=\"max\" data-height=\"max\" data-toolbar=\"bottom\" data-toolbar-fixed=\"off\">Vorleseaktion 2023<\/a><\/h3>\n<h3><\/h3>\n<h3><a href=\"https:\/\/www.mycsr.de\/home\/wp-content\/uploads\/2023\/12\/Nikolaus-begruesst-Lernende-der-Jhg.-5-und-6.pdf\" class=\"pdfemb-viewer\" style=\"\" data-width=\"max\" data-height=\"max\" data-toolbar=\"bottom\" data-toolbar-fixed=\"off\">Nikolaus begr\u00fc\u00dft Lernende der Jhg. 5 und 6<\/a><\/h3>\n<p>&nbsp;<\/p>\n<a href=\"https:\/\/www.mycsr.de\/home\/wp-content\/uploads\/2023\/12\/Schulradeln_2023_Urkunde_Teilnahme.pdf\" class=\"pdfemb-viewer\" style=\"\" data-width=\"max\" data-height=\"max\" data-toolbar=\"bottom\" data-toolbar-fixed=\"off\">Schulradeln_2023_Urkunde_Teilnahme<\/a>\n<h3><strong>ERGEBNIS SCHULRADELN NRW 2023: 8.625<\/strong><strong>\u00a0000<\/strong>\u00a0 <strong>Meter f\u00fcrs Klima!! CHAPEAU!! <\/strong><\/h3>\n<p>&nbsp;<\/p>\n<p>Liebe Sch\u00fclerinnen und Sch\u00fcler, sehr geehrte Eltern und Erziehungsberechtigte,<\/p>\n<p>es toll, dass 8.625 km (2026 km mehr als im Jahr 2022) in\u00a0<span class=\"text-underline\"><strong> 21 Tagen<\/strong><\/span> von 30 Radfahrern\/innen des CSR- Teams &#8222;Crazy Schul Radler&#8220; (leider 4 weniger als im Jahr 2022) gefahren wurden!!In Summe haben wir allein bereits <strong>1.397 kg CO2 eingespart<\/strong> und damit <span class=\"text-underline\"><strong>Platz 2 in Oer-Erkenschwick<\/strong><\/span>belegt. KLASSE!!<\/p>\n<p>Jeder mit dem Rad zur\u00fcckgelegte Alltagsweg war ein pers\u00f6nlicher Beitrag zum Klimaschutz, sorgte zur Vermeidung von CO2 und f\u00f6rderte k\u00f6rperliche Bewegung. Ich hoffe, Ihr bleibt\/Sie bleiben dabei und legt\/legen weiterhin m\u00f6glichst viele Meter mit dem Rad zur\u00fcck&#8230;. die Natur und unser Klima dankt es Euch\/Ihnen!!<\/p>\n<p>Sch\u00f6ne und erholsame Herbstferien, hoffentlich bei weiterhin so sch\u00f6nem Wetter!!?<\/p>\n<p>12.10.23 Ruth Petek<\/p>\n<p>&nbsp;<\/p>\n<p>&nbsp;<\/p>\n<h2 class=\"text-center\" style=\"text-align: center;\"><span style=\"color: #3366ff;\"><strong>Macht<\/strong>\u00a0 <strong>Meter f\u00fcrs Klima! <\/strong><strong>Schulradeln NRW 2023 startet!! <\/strong><\/span><\/h2>\n<h3 class=\"text-center\" style=\"text-align: center;\"><span style=\"color: #3366ff;\"><strong>MELDET EUCH AN!!<br \/>\n<\/strong><\/span><\/h3>\n<p>&nbsp;<\/p>\n<h2 class=\"text-center\" style=\"text-align: center;\"><strong> <img loading=\"lazy\" decoding=\"async\" class=\"alignnone wp-image-930\" src=\"https:\/\/www.mycsr.de\/home\/wp-content\/uploads\/2023\/08\/IMG_5930-Kopie-300x225.jpg\" alt=\"\" width=\"405\" height=\"304\" srcset=\"https:\/\/www.mycsr.de\/home\/wp-content\/uploads\/2023\/08\/IMG_5930-Kopie-300x225.jpg 300w, https:\/\/www.mycsr.de\/home\/wp-content\/uploads\/2023\/08\/IMG_5930-Kopie-1024x768.jpg 1024w, https:\/\/www.mycsr.de\/home\/wp-content\/uploads\/2023\/08\/IMG_5930-Kopie-768x576.jpg 768w, https:\/\/www.mycsr.de\/home\/wp-content\/uploads\/2023\/08\/IMG_5930-Kopie-1536x1152.jpg 1536w, https:\/\/www.mycsr.de\/home\/wp-content\/uploads\/2023\/08\/IMG_5930-Kopie-2048x1536.jpg 2048w\" sizes=\"auto, (max-width: 405px) 100vw, 405px\" \/><br \/>\n<\/strong><\/h2>\n<p>&nbsp;<\/p>\n<p>Liebe Sch\u00fclerinnen und Sch\u00fcler, sehr geehrte Eltern und Erziehungsberechtigte,<\/p>\n<p>wer ist Nordrhein-Westfalens aktivste Schule im Radfahren? Das k\u00f6nnen Sch\u00fclerinnen und Sch\u00fcler auch in diesem Jahr zeigen. Der erfolgreiche Wettbewerb Schulradeln geht in die 3. Runde. Bereits zum Auftakt im vorletzten Jahr haben sich 965 Schulen mit knapp 65.000 Radelnden beteiligt und sind f\u00fcr ein gutes Klima in die Pedale getreten. Damit war NRW Spitzenreiter in ganz Deutschland!<\/p>\n<p>Der Wettbewerb m\u00f6chte Aufmerksamkeit f\u00fcr die Bedeutung des Radfahrens als klimafreundliche und aktive Mobilit\u00e4t schaffen. Jeder mit dem Rad zur\u00fcckgelegte Alltagsweg ist ein pers\u00f6nlicher Beitrag zum Klimaschutz, vermeidet CO2 und f\u00f6rdert k\u00f6rperliche Bewegung. Zudem werden Eltern um einen Fahrdienst entlastet, unterst\u00fctzen ihre Kinder in der Eigenst\u00e4ndigkeit und geben mit dem eigenen Schwung im Sattel das richtige Vorbild ab. Auch Lehrkr\u00e4fte tragen dazu bei und k\u00f6nnen R\u00fcckenwind auf der Zielgeraden liefern.<\/p>\n<p>Oer-Erkenschwick nimmt vom <strong>03. bis 23. September 2023<\/strong> am Stadt- und Schulradeln teil. In diesem dreiw\u00f6chigen Aktionszeitraum haben wir die M\u00f6glichkeit, Nordrhein-Westfalens Schulradeln-Champion zu werden&#8230;.<\/p>\n<p>Wer von Euch, liebe Sch\u00fclerinnen, aber auch von Ihnen, liebe Eltern, Interesse versp\u00fcrt, kann sich ab heute mithilfe von folgendem Link <a href=\"https:\/\/www.stadtradeln.de\/index.php?id=171&amp;L=0&amp;team_preselect=80315&amp;subteam_preselect=35133\">https:\/\/www.stadtradeln.de\/index.phpid=171&amp;L=0&amp;team_preselect=80315&amp;subteam_preselect=35133<\/a><\/p>\n<p>direkt im Team der Christoph-St\u00f6ver-Realschule (Crazy Schul Radler) anmelden.<\/p>\n<p>Nat\u00fcrlich hoffen wir, dass sich m\u00f6glichst viele von Euch\/Ihnen und von den Lehrer\/innen daran beteiligen! Sch\u00f6n w\u00e4re es, wenn wir alle (nicht nur) drei Wochen lang so viele Strecken wie m\u00f6glich mit dem Rad zur\u00fcckzulegen&#8230;.<\/p>\n<p>Weitere Informationen zum Schulradeln erhaltet Ihr\/Sie unter <a href=\"https:\/\/www.stadtradeln.de\/schulradeln-nrw\">STADTRADELN &#8211; Schulradeln Nordrhein-Westfalen<\/a> oder bei Herrn Zill und Frau Petek.<\/p>\n<p><strong>Macht mit!! Wir freuen uns \u00fcber jeden aktiven Radler\/in, der\/die sich in unserem Team anmeldet!!<\/strong><\/p>\n<p>09.08.23 R. Petek<\/p>\n<p>&nbsp;<\/p>\n<h2><a href=\"https:\/\/www.mycsr.de\/home\/wp-content\/uploads\/2023\/06\/Best-of-CSR-2023.pdf\" class=\"pdfemb-viewer\" style=\"\" data-width=\"max\" data-height=\"max\" data-toolbar=\"bottom\" data-toolbar-fixed=\"off\">Best of CSR 2023<\/a><\/h2>\n<h2><\/h2>\n<h2><\/h2>\n<p>&nbsp;<\/p>\n<figure id=\"attachment_890\" aria-describedby=\"caption-attachment-890\" style=\"width: 487px\" class=\"wp-caption aligncenter\"><img loading=\"lazy\" decoding=\"async\" class=\"wp-image-890\" src=\"https:\/\/www.mycsr.de\/home\/wp-content\/uploads\/2023\/06\/1687093406832-300x225.jpg\" alt=\"\" width=\"487\" height=\"365\" srcset=\"https:\/\/www.mycsr.de\/home\/wp-content\/uploads\/2023\/06\/1687093406832-300x225.jpg 300w, https:\/\/www.mycsr.de\/home\/wp-content\/uploads\/2023\/06\/1687093406832-1024x768.jpg 1024w, https:\/\/www.mycsr.de\/home\/wp-content\/uploads\/2023\/06\/1687093406832-768x576.jpg 768w, https:\/\/www.mycsr.de\/home\/wp-content\/uploads\/2023\/06\/1687093406832-1536x1152.jpg 1536w, https:\/\/www.mycsr.de\/home\/wp-content\/uploads\/2023\/06\/1687093406832.jpg 2048w\" sizes=\"auto, (max-width: 487px) 100vw, 487px\" \/><figcaption id=\"caption-attachment-890\" class=\"wp-caption-text\">\u00a9 H. Eilebrecht<\/figcaption><\/figure>\n<h2 style=\"font-weight: 400;\"><u>B\u00fccherprojekt mit dem Heimatkundeverein Oer-Erkenschwick<\/u><\/h2>\n<p>&nbsp;<\/p>\n<p style=\"font-weight: 400;\"><u><\/u>Haben Sie \/ habt ihr schonmal etwas vom &#8222;Vestischen Kalender&#8220; geh\u00f6rt? Nein? Die drei Sch\u00fclerinnen und die drei Sch\u00fcler der Klasse 8b, die am B\u00fccherprojekt mit dem Heimatkundeverein Oer-Erkenschwick teilgenommen haben, k\u00f6nnen einen ganzen Vortrag \u00fcber den Kalender halten.<\/p>\n<p style=\"font-weight: 400;\">Als Herr Meinders vom Heimatkundeverein an die CSR, genauer gesagt an Frau Petek und Frau Eilebrecht, herantrat mit der Frage, ob es hier Lernende gebe, die sich gerne mit Literatur besch\u00e4ftigen und einen gewissen Sinn f\u00fcr Ordnung und Struktur haben, da meldeten sich Anna, Azmeer, Lena, Ecrin, Alex und Jakob. Sie stiegen ein in ein Projekt, bei dem nicht nur der Literaturbestand des Heimathauses Oer-Erkenschwick gesichtet, geordnet und dokumentiert werden sollte, sondern bei dem auch ein Auftritt inklusive Pr\u00e4sentation der Projektergebnisse bei einem Lehrabend des Heimatkundevereins auf dem Plan stand.<\/p>\n<p style=\"font-weight: 400;\">Und so investierten die sechs Lernenden viele Stunden ihrer Freizeit, um im Heimathaus und in der Schule ihrer Projekt-Aufgabe nachzukommen. Nachdem im Heimathaus f\u00fcr Ordnung gesorgt war, bildeten sich aus der Sechsergruppe drei Zweiergruppen heraus, die sich jeweils mit einem Thema des Literaturbestands intensiver besch\u00e4ftigten: Bildung, Kultur und Kalender.<\/p>\n<p style=\"font-weight: 400;\">Beim Lehrabend in den R\u00e4umlichkeiten der Sparkasse wurden im Februar schlie\u00dflich die Ergebnisse des Projekts pr\u00e4sentiert, wobei der schon erw\u00e4hnte Vestische Kalender, Dinosaurier und eine Lego-Zeche eine Hauptrolle spielten.<\/p>\n<p style=\"font-weight: 400;\">Weitere Highlights des Projekts waren ein Pressetermin mit dem Magazin &#8222;Oer-Erkenschwick erleben&#8220; sowie ein Ausflug nach M\u00fcnster ins M\u00fchlenhofmuseum.<\/p>\n<p style=\"font-weight: 400;\">Das Projekt ist damit nun erfolgreich abgeschlossen &#8211; den Vestischen Kalender gibt es \u00fcbrigens immer noch&#8230;<\/p>\n<p><em>18. 06. 23 \u00a0 \u00a0Hanna Eilebrecht<\/em><\/p>\n<p>&nbsp;<\/p>\n<p>&nbsp;<\/p>\n<p>&nbsp;<\/p>\n<h2 style=\"font-weight: 400;\"><strong>Von Uranus bis Urin \u2013 oder was man bei einer Radtour zur Sternwarte so alles erfahren kann\u2026<\/strong><\/h2>\n<figure id=\"attachment_860\" aria-describedby=\"caption-attachment-860\" style=\"width: 542px\" class=\"wp-caption aligncenter\"><img loading=\"lazy\" decoding=\"async\" class=\"wp-image-860\" src=\"https:\/\/www.mycsr.de\/home\/wp-content\/uploads\/2023\/05\/Planetarium-5c-2023-05-22-at-17.09.26-300x225.jpeg\" alt=\"\" width=\"542\" height=\"407\" srcset=\"https:\/\/www.mycsr.de\/home\/wp-content\/uploads\/2023\/05\/Planetarium-5c-2023-05-22-at-17.09.26-300x225.jpeg 300w, https:\/\/www.mycsr.de\/home\/wp-content\/uploads\/2023\/05\/Planetarium-5c-2023-05-22-at-17.09.26-1024x768.jpeg 1024w, https:\/\/www.mycsr.de\/home\/wp-content\/uploads\/2023\/05\/Planetarium-5c-2023-05-22-at-17.09.26-768x576.jpeg 768w, https:\/\/www.mycsr.de\/home\/wp-content\/uploads\/2023\/05\/Planetarium-5c-2023-05-22-at-17.09.26-1536x1152.jpeg 1536w, https:\/\/www.mycsr.de\/home\/wp-content\/uploads\/2023\/05\/Planetarium-5c-2023-05-22-at-17.09.26.jpeg 2048w\" sizes=\"auto, (max-width: 542px) 100vw, 542px\" \/><figcaption id=\"caption-attachment-860\" class=\"wp-caption-text\">\u00a9 22.05.23 A.Kiel<\/figcaption><\/figure>\n<p style=\"font-weight: 400;\">Nicht mit den Triebwerken einer Rakete, sondern mit Tretwerken in Form von Pedalen trat die Klasse 5c am 22.Mai 2023 ihren Ausflug zum Planetarium in Recklinghausen an. Nach etwa einer Stunde auf dem Sattel konnten sich die Sch\u00fclerinnen und Sch\u00fcler in einem bequemen Sitz zur\u00fccklehnen und eine Reise durch das Universum erleben. \u00dcber den Lauf von Sonne, Mond und Planeten bis hin zur Milchstra\u00dfe erkl\u00e4rte der Leiter der Sternwarte, Herr Steinr\u00fccken, sehr anschaulich verschiedene astronomische Ph\u00e4nomene unter der Kuppel des Planetariums.<\/p>\n<p style=\"font-weight: 400;\">Anschlie\u00dfend ging es noch um die Internationale Raumstation (ISS), die in 400 km Entfernung ihre Kreise um unseren blauen Planeten zieht. Da wurden viele spannende Fragen gestellt und beantwortet. So zum Beispiel eine ganz lebenspraktische: Was passiert mit dem Urin auf der ISS?<\/p>\n<p style=\"font-weight: 400;\">Antwort: Auf der Internationalen Raumstation wird Urin als Teil des Wasserkreislaufs recycelt und wiederverwendet. Das Wasser, das aus dem Urin gewonnen wird, wird in einem speziellen Wasseraufbereitungssystem behandelt, um Verunreinigungen zu entfernen und das Wasser schlie\u00dflich wieder trinkbar zu machen. Diese Wasseraufbereitung auf der ISS erm\u00f6glicht es den Astronauten, \u00fcber l\u00e4ngere Zeitr\u00e4ume im Weltraum zu bleiben, ohne auf st\u00e4ndige Nachschublieferungen von Wasser angewiesen zu sein. Na dann, Prost!<\/p>\n<p style=\"font-weight: 400;\">A.Kiel<\/p>\n<h2 style=\"font-weight: 400;\"><strong><u>Ein Nachmittag an der Bio-Station<\/u><\/strong><\/h2>\n<p style=\"font-weight: 400;\"><u><\/u>Am 28.04.2023 fand, wie immer am letzten Freitag im April, der Tag der Streuobstwiese statt. Die Stadt Oer-Erkenschwick und der Heimatkundeverein der Stadt organisierten dieses Event.<\/p>\n<p style=\"font-weight: 400;\">Auch sieben Sch\u00fclerinnen der Klasse 6a machten sich mit ihrer Klassenlehrerin Hanna Eilebrecht um 14:30 Uhr von der Oer-Br\u00fccke aus zu Fu\u00df auf den Weg zur Bio-Station. Mit im Gep\u00e4ck: jede Menge selbstgebackener Kuchen und selbstgebackene Muffins. Vor Ort wurden die M\u00e4dchen schon erwartet und von Ludger Drescher (Leiter der Bio-Station), Johannes Kemper (stellvertretender B\u00fcrgermeister der Stadt) sowie einigen Seniorinnen und Senioren begr\u00fc\u00dft. Besonders Letztere freuten sich \u00fcber die nun folgende Bewirtung durch Nora, Charlotte, Elena, Melina, Melina, Julia und Nele!<\/p>\n<p style=\"font-weight: 400;\">Doch die M\u00e4dchen waren nicht nur zum &#8222;Arbeiten&#8220; gekommen: Sie erhielten zudem eine spannende und lehrreiche F\u00fchrung \u00fcber die Streuobstwiese, bei der sie Bekanntschaft mit unz\u00e4hligen Insekten und Pflanzen machten. Am Ende hatten die Sch\u00fclerinnen \u00fcber 80\u20ac f\u00fcr die Klassenkasse der 6a eingenommen und machten sich am sp\u00e4ten Nachmittag auf den R\u00fcckweg nach Hause und ins wohlverdiente Wochenende!<\/p>\n<p><img loading=\"lazy\" decoding=\"async\" class=\"alignnone wp-image-848\" src=\"https:\/\/www.mycsr.de\/home\/wp-content\/uploads\/2023\/05\/streuobstwiese-225x300.jpg\" alt=\"\" width=\"344\" height=\"459\" srcset=\"https:\/\/www.mycsr.de\/home\/wp-content\/uploads\/2023\/05\/streuobstwiese-225x300.jpg 225w, https:\/\/www.mycsr.de\/home\/wp-content\/uploads\/2023\/05\/streuobstwiese-769x1024.jpg 769w, https:\/\/www.mycsr.de\/home\/wp-content\/uploads\/2023\/05\/streuobstwiese-768x1023.jpg 768w, https:\/\/www.mycsr.de\/home\/wp-content\/uploads\/2023\/05\/streuobstwiese-1153x1536.jpg 1153w, https:\/\/www.mycsr.de\/home\/wp-content\/uploads\/2023\/05\/streuobstwiese-1538x2048.jpg 1538w, https:\/\/www.mycsr.de\/home\/wp-content\/uploads\/2023\/05\/streuobstwiese-scaled.jpg 1922w\" sizes=\"auto, (max-width: 344px) 100vw, 344px\" \/><\/p>\n<p>&nbsp;<\/p>\n<h4><a href=\"https:\/\/www.mycsr.de\/home\/wp-content\/uploads\/2023\/05\/Artikel-BB-Turnier-.pdf\" class=\"pdfemb-viewer\" style=\"\" data-width=\"max\" data-height=\"max\" data-toolbar=\"bottom\" data-toolbar-fixed=\"off\">Artikel BB Turnier<\/a><\/h4>\n<p>&nbsp;<\/p>\n<pre><\/pre>\n<h4><strong><span class=\"s1\">Erfolgreiches\u00a0<\/span><span class=\"s1\">Wettkampf-Deb\u00fct nach Corona<\/span><\/strong><\/h4>\n<p>&nbsp;<\/p>\n<p class=\"p3\"><span class=\"s2\">Am vergangenen Donnerstag 23.03.2023 fanden nach einer zweij\u00e4hrigen Corona-Pause die allj\u00e4hrlichen Stadtmeisterschaften Schwimmen der weiterf\u00fchrenden Schulen im Maritimo statt. Die CSR ging mit insgesamt 16 Schwimmerinnen und Schwimmern an den Start und lieferte sich in drei Disziplinen und f\u00fcnf Staffeln ein Kopf-an-Kopf-Rennen mit dem Willy-Brandt-Gymnasium. <\/span><\/p>\n<p class=\"p3\"><span class=\"s2\">Trotz starker Leistungen des CSR-Teams entschied am Ende das Gymnasium das Rennen mit nur wenigen Punkten Vorsprung f\u00fcr sich. Somit belegten unsere Schwimmerinnen und Schwimmer einen stolzen zweiten Platz.<\/span><span class=\"apple-converted-space\">\u00a0<\/span><\/p>\n<figure id=\"attachment_776\" aria-describedby=\"caption-attachment-776\" style=\"width: 554px\" class=\"wp-caption alignnone\"><img loading=\"lazy\" decoding=\"async\" class=\"wp-image-776\" src=\"https:\/\/www.mycsr.de\/home\/wp-content\/uploads\/2023\/03\/Schwimmfest-300x225.jpeg\" alt=\"\" width=\"554\" height=\"416\" srcset=\"https:\/\/www.mycsr.de\/home\/wp-content\/uploads\/2023\/03\/Schwimmfest-300x225.jpeg 300w, https:\/\/www.mycsr.de\/home\/wp-content\/uploads\/2023\/03\/Schwimmfest-1024x768.jpeg 1024w, https:\/\/www.mycsr.de\/home\/wp-content\/uploads\/2023\/03\/Schwimmfest-768x576.jpeg 768w, https:\/\/www.mycsr.de\/home\/wp-content\/uploads\/2023\/03\/Schwimmfest-1536x1152.jpeg 1536w, https:\/\/www.mycsr.de\/home\/wp-content\/uploads\/2023\/03\/Schwimmfest-2048x1536.jpeg 2048w\" sizes=\"auto, (max-width: 554px) 100vw, 554px\" \/><figcaption id=\"caption-attachment-776\" class=\"wp-caption-text\">\u00a9 R. Petek<\/figcaption><\/figure>\n<p class=\"p3\"><span class=\"s2\">Wirft man einen Blick auf die Einzelergebnisse so lassen sich ebenfalls \u00fcberzeugende Leistungen verzeichnen.<\/span><span class=\"s2\">\u201eInsgesamt waren es spannende Wettk\u00e4mpfe, die Vorfreude auf das n\u00e4chste Jahr wecken\u201c,<\/span> <span class=\"s2\">res\u00fcmierten Frau Pape und Frau Wiethof, die das Team am Wettkampftag begleiteten.<\/span><\/p>\n<p class=\"p3\"><span class=\"s2\">HERZLICHEN GL\u00dcCKWUNSCH\u00a0 ZU DIESEN TOLLEN LEISTUNGEN!!<\/span><\/p>\n<p>&nbsp;<\/p>\n<h3><\/h3>\n<h3 style=\"font-weight: 400; text-align: center;\"><strong>Abschlussklassen der Christoph-St\u00f6ver-Realschule unterst\u00fctzen Erdbebenopfer-<\/strong><\/h3>\n<h3 style=\"font-weight: 400; text-align: center;\"><strong>700 Euro durch Spendenaktion eingenommen<\/strong><\/h3>\n<p>&nbsp;<\/p>\n<p style=\"font-weight: 400;\">Das Erdbeben in der T\u00fcrkei und in Syrien l\u00f6ste sowohl gro\u00dfe Betroffenheit aber auch eine ebenso gro\u00dfe Hilfsbereitschaft unter den Lernenden der Christoph-St\u00f6ver-Realschule aus.<\/p>\n<p style=\"font-weight: 400;\">Auf Anregung der Sch\u00fclerin Elif \u00d6zcan aus der Klasse 10c wurde innerhalb k\u00fcrzester Zeit ein Verkauf von gebackenen Leckereien, wie B\u00f6rek, Waffeln und Muffins, von den Klassen 10a, 10b und 10c organisiert und in der vergangenen Woche erfolgreich in der Schule durchgef\u00fchrt.<\/p>\n<p style=\"font-weight: 400;\">Alle am Schulleben Beteiligten unterst\u00fctzten diese Aktion, sodass insgesamt 700 Euro eingenommen werden konnten.\u00a0Diese Summe wurde der Erdbebenhilfe f\u00fcr die T\u00fcrkei und Syrien des Deutschen Roten Kreuzes gespendet.<\/p>\n<figure id=\"attachment_766\" aria-describedby=\"caption-attachment-766\" style=\"width: 511px\" class=\"wp-caption aligncenter\"><img loading=\"lazy\" decoding=\"async\" class=\"wp-image-766\" src=\"https:\/\/www.mycsr.de\/home\/wp-content\/uploads\/2023\/02\/Spendenaktion-10a-b-c-300x225.jpg\" alt=\"\" width=\"511\" height=\"383\" srcset=\"https:\/\/www.mycsr.de\/home\/wp-content\/uploads\/2023\/02\/Spendenaktion-10a-b-c-300x225.jpg 300w, https:\/\/www.mycsr.de\/home\/wp-content\/uploads\/2023\/02\/Spendenaktion-10a-b-c-768x576.jpg 768w, https:\/\/www.mycsr.de\/home\/wp-content\/uploads\/2023\/02\/Spendenaktion-10a-b-c.jpg 1024w\" sizes=\"auto, (max-width: 511px) 100vw, 511px\" \/><figcaption id=\"caption-attachment-766\" class=\"wp-caption-text\">\u00a9 R.Petek,\u00a0<span style=\"text-align: right; font-size: 16px;\">23.02.2023<\/span><\/figcaption><\/figure>\n<p>&nbsp;<\/p>\n<pre><\/pre>\n","protected":false},"excerpt":{"rendered":"<p>&nbsp; ERGEBNIS SCHULRADELN NRW 2023: 8.625\u00a0000\u00a0 Meter f\u00fcrs Klima!! CHAPEAU!! &nbsp; Liebe Sch\u00fclerinnen und Sch\u00fcler, sehr geehrte Eltern und Erziehungsberechtigte, [&hellip;]<\/p>\n","protected":false},"author":2,"featured_media":0,"parent":0,"menu_order":0,"comment_status":"closed","ping_status":"closed","template":"","meta":{"footnotes":""},"class_list":["post-853","page","type-page","status-publish","hentry"],"_links":{"self":[{"href":"https:\/\/www.mycsr.de\/home\/wp-json\/wp\/v2\/pages\/853","targetHints":{"allow":["GET"]}}],"collection":[{"href":"https:\/\/www.mycsr.de\/home\/wp-json\/wp\/v2\/pages"}],"about":[{"href":"https:\/\/www.mycsr.de\/home\/wp-json\/wp\/v2\/types\/page"}],"author":[{"embeddable":true,"href":"https:\/\/www.mycsr.de\/home\/wp-json\/wp\/v2\/users\/2"}],"replies":[{"embeddable":true,"href":"https:\/\/www.mycsr.de\/home\/wp-json\/wp\/v2\/comments?post=853"}],"version-history":[{"count":12,"href":"https:\/\/www.mycsr.de\/home\/wp-json\/wp\/v2\/pages\/853\/revisions"}],"predecessor-version":[{"id":1136,"href":"https:\/\/www.mycsr.de\/home\/wp-json\/wp\/v2\/pages\/853\/revisions\/1136"}],"wp:attachment":[{"href":"https:\/\/www.mycsr.de\/home\/wp-json\/wp\/v2\/media?parent=853"}],"curies":[{"name":"wp","href":"https:\/\/api.w.org\/{rel}","templated":true}]}}