{"id":809,"date":"2023-03-19T13:46:51","date_gmt":"2023-03-19T12:46:51","guid":{"rendered":"https:\/\/www.mycsr.de\/home\/?page_id=809"},"modified":"2023-04-12T16:36:53","modified_gmt":"2023-04-12T14:36:53","slug":"wp-i-faecher","status":"publish","type":"page","link":"https:\/\/www.mycsr.de\/home\/wp-i-faecher\/","title":{"rendered":"WP I- F\u00e4cher"},"content":{"rendered":"<p>Am Ende der Klasse 6 haben die Lernenden die M\u00f6glichkeit, einen Neigungsschwer\u00adpunkt (Wahlpflichtfach I, abgek\u00fcrzt WP I-Fach) f\u00fcr die Klasse 7 zu w\u00e4hlen. Sie w\u00e4hlen hiermit ein viertes Klassenar\u00adbeitsfach (Hauptfach), in dem sie im Schuljahr 5 bis 6 Klassenarbeiten schreiben. Der gew\u00e4hlte Kurs findet von der Klasse 7 bis zur Klasse 10 mit einem Umfang von drei\/vier Wochenstunden statt.<\/p>\n<p>Es werden verschiedene Neigungsschwerpunkte angeboten: z.B. der fremdsprachliche Kurs (fs-Kurs), in dem die Sprache Franz\u00f6sisch erlernt wird, der Biologie-Kurs (nb-Kurs), der sozialwissenschaftliche Kurs (sw-Kurs) und der Technik-Kurs (nt-Kurs).<\/p>\n<p>Bei der Wahl des Kurses sind Klassenlehrer\/in, Fachlehrer\/in und Beratungslehrer\/in gern behilflich.<\/p>\n<p>&nbsp;<\/p>\n<p>Informationen zum neuen Fach Franz\u00f6sisch- Stand April 2023:<\/p>\n<a href=\"https:\/\/www.mycsr.de\/home\/wp-content\/uploads\/2023\/04\/Franzoesisch-Realschule-1.pdf\" class=\"pdfemb-viewer\" style=\"\" data-width=\"max\" data-height=\"max\" data-toolbar=\"bottom\" data-toolbar-fixed=\"off\">Franz\u00f6sisch Realschule<\/a>\n<p>&nbsp;<\/p>\n<p>&nbsp;<\/p>\n<p>Informationen zum Fach Biologie:<\/p>\n<a href=\"https:\/\/www.mycsr.de\/home\/wp-content\/uploads\/2023\/04\/Kurzprsentation-Biologie-WPI.pdf\" class=\"pdfemb-viewer\" style=\"\" data-width=\"max\" data-height=\"max\" data-toolbar=\"bottom\" data-toolbar-fixed=\"off\">Kurzprsentation Biologie WPI<\/a>\n<p>&nbsp;<\/p>\n<p>Informationen zum Fach Sozialwissenschaften:<\/p>\n<a href=\"https:\/\/www.mycsr.de\/home\/wp-content\/uploads\/2023\/04\/Kurzprsentation-Sozialwissenschaften-WPI.pdf\" class=\"pdfemb-viewer\" style=\"\" data-width=\"max\" data-height=\"max\" data-toolbar=\"bottom\" data-toolbar-fixed=\"off\">Kurzprsentation Sozialwissenschaften WPI<\/a>\n<p>&nbsp;<\/p>\n<p>Information zum Fach Technik:<\/p>\n<a href=\"https:\/\/www.mycsr.de\/home\/wp-content\/uploads\/2023\/04\/Kurzprsentation-Technik.pdf\" class=\"pdfemb-viewer\" style=\"\" data-width=\"max\" data-height=\"max\" data-toolbar=\"bottom\" data-toolbar-fixed=\"off\">Kurzprsentation Technik<\/a>\n<p>&nbsp;<\/p>\n<p>&nbsp;<\/p>\n","protected":false},"excerpt":{"rendered":"<p>Am Ende der Klasse 6 haben die Lernenden die M\u00f6glichkeit, einen Neigungsschwer\u00adpunkt (Wahlpflichtfach I, abgek\u00fcrzt WP I-Fach) f\u00fcr die Klasse [&hellip;]<\/p>\n","protected":false},"author":2,"featured_media":0,"parent":0,"menu_order":0,"comment_status":"closed","ping_status":"closed","template":"","meta":{"footnotes":""},"class_list":["post-809","page","type-page","status-publish","hentry"],"_links":{"self":[{"href":"https:\/\/www.mycsr.de\/home\/wp-json\/wp\/v2\/pages\/809","targetHints":{"allow":["GET"]}}],"collection":[{"href":"https:\/\/www.mycsr.de\/home\/wp-json\/wp\/v2\/pages"}],"about":[{"href":"https:\/\/www.mycsr.de\/home\/wp-json\/wp\/v2\/types\/page"}],"author":[{"embeddable":true,"href":"https:\/\/www.mycsr.de\/home\/wp-json\/wp\/v2\/users\/2"}],"replies":[{"embeddable":true,"href":"https:\/\/www.mycsr.de\/home\/wp-json\/wp\/v2\/comments?post=809"}],"version-history":[{"count":9,"href":"https:\/\/www.mycsr.de\/home\/wp-json\/wp\/v2\/pages\/809\/revisions"}],"predecessor-version":[{"id":839,"href":"https:\/\/www.mycsr.de\/home\/wp-json\/wp\/v2\/pages\/809\/revisions\/839"}],"wp:attachment":[{"href":"https:\/\/www.mycsr.de\/home\/wp-json\/wp\/v2\/media?parent=809"}],"curies":[{"name":"wp","href":"https:\/\/api.w.org\/{rel}","templated":true}]}}