{"id":8,"date":"2019-11-03T21:08:54","date_gmt":"2019-11-03T20:08:54","guid":{"rendered":"https:\/\/www.mycsr.de\/home\/?page_id=8"},"modified":"2026-03-18T08:33:54","modified_gmt":"2026-03-18T07:33:54","slug":"herzlich-willkommen","status":"publish","type":"page","link":"https:\/\/www.mycsr.de\/home\/","title":{"rendered":"Herzlich Willkommen"},"content":{"rendered":"<div><img loading=\"lazy\" decoding=\"async\" class=\"size-medium wp-image-1487 aligncenter\" src=\"https:\/\/www.mycsr.de\/home\/wp-content\/uploads\/2026\/03\/22158_26b7d81f6311d0c-300x141.jpg\" alt=\"\" width=\"300\" height=\"141\" srcset=\"https:\/\/www.mycsr.de\/home\/wp-content\/uploads\/2026\/03\/22158_26b7d81f6311d0c-300x141.jpg 300w, https:\/\/www.mycsr.de\/home\/wp-content\/uploads\/2026\/03\/22158_26b7d81f6311d0c-768x361.jpg 768w, https:\/\/www.mycsr.de\/home\/wp-content\/uploads\/2026\/03\/22158_26b7d81f6311d0c.jpg 1004w\" sizes=\"auto, (max-width: 300px) 100vw, 300px\" \/><\/div>\n<div>\n<p>Sehr geehrte Eltern der Jahrgangstufe 5-9,<\/p>\n<p>am <strong>23.04.26 <\/strong>hat Ihr Kind die M\u00f6glichkeit am Girlsday\/Boysday teilzunehmen. Es handelt sich um einen bundesweiten Orientierungstag zur Berufs- und Studienorientierung von M\u00e4dchen und Jungen. Er wird vom Bundesministerium f\u00fcr Familie, Senioren, Frauen und Jugend und vom Bundesministerium f\u00fcr Bildung und Forschung gef\u00f6rdert. <a href=\"https:\/\/www.girls-day.de\/schule-eltern\/mitmachen-als-eltern\/girls-day-fuer-eltern\/girls-day-was-ist-das-ueberhaupt\" target=\"_blank\" rel=\"noopener noreferrer\">https:\/\/www.girls-day.de\/schule-eltern\/mitmachen-als-eltern\/girls-day-fuer-eltern\/girls-day-was-ist-das-ueberhaupt<\/a><\/p>\n<p><strong>M\u00e4dchen<\/strong> haben die M\u00f6glichkeit Berufe oder Studienf\u00e4cher kennenzulernen, in denen der Frauenanteil unter 40 Prozent liegt, z. B. in den Bereichen IT, Handwerk, Naturwissenschaften und Technik. <a href=\"https:\/\/www.girls-day.de\/ueber-den-girls-day\/Berufeliste\" target=\"_blank\" rel=\"noopener noreferrer\">Was sind Girls\u2019Day-Berufe? | Girls&#8217;Day (<\/a><a href=\"http:\/\/girls-day.de\/\" target=\"_blank\" rel=\"noopener noreferrer\">girls-day.de<\/a><a href=\"https:\/\/www.girls-day.de\/ueber-den-girls-day\/Berufeliste\" target=\"_blank\" rel=\"noopener noreferrer\">)<\/a><\/p>\n<p><strong>Jungen<\/strong> k\u00f6nnen sich Berufe in den Bereichen Gesundheit\/Pflege, Soziales, Erziehung\/Bildung und Dienstleistung ausw\u00e4hlen.<a href=\"https:\/\/www.boys-day.de\/ueber-den-boys-day\/Berufeliste\" target=\"_blank\" rel=\"noopener noreferrer\">https:\/\/www.boys-day.de\/ueber-den-boys-day\/Berufeliste<\/a><\/p>\n<p>Auf der Homepage <a href=\"http:\/\/www.girls-day.de\/\" target=\"_blank\" rel=\"noopener noreferrer\">www.girls-day.de<\/a> und <a href=\"http:\/\/www.boys-day.de\/\" target=\"_blank\" rel=\"noopener noreferrer\">www.boys-day.de<\/a> finden Sie einige Angebote f\u00fcr den Tag.<br \/>\nWenn Sie als Eltern selbst oder Freunde, Nachbarn etc. kennen, die in einem eher m\u00e4nner- bzw. frauentypischen Beruf arbeiten, k\u00f6nnen Sie ebenfalls f\u00fcr diesen Tag Sch\u00fclerInnen die M\u00f6glichkeit bieten den Tag in Ihrem Betrieb zu verbringen.<br \/>\nDie Teilnahme ist freiwillig, aber wir unterst\u00fctzen Ihr Kind gerne, wenn es an diesem Tag statt Schule f\u00fcr einen Tag in die Berufswelt schnuppern m\u00f6chte.<\/p>\n<p><strong>F\u00fcllen Sie daf\u00fcr das Formular zur Freistellung vom Unterricht aus (siehe Mail vom 16.03.26 im IServ) und geben es bis zum <em>21.04.2026<\/em> bei der Klassenlehrerin\/dem Klassenlehrer oder bei Fr. Schuckenberg ab, damit entsprechend geplant und Ihr Kind an diesem Tag unfallversichert ist.<\/strong><\/p>\n<p><img loading=\"lazy\" decoding=\"async\" class=\"size-medium wp-image-1488 aligncenter\" src=\"https:\/\/www.mycsr.de\/home\/wp-content\/uploads\/2026\/03\/22159_ced1ee8d0525300-300x177.jpg\" alt=\"\" width=\"300\" height=\"177\" srcset=\"https:\/\/www.mycsr.de\/home\/wp-content\/uploads\/2026\/03\/22159_ced1ee8d0525300-300x177.jpg 300w, https:\/\/www.mycsr.de\/home\/wp-content\/uploads\/2026\/03\/22159_ced1ee8d0525300-768x452.jpg 768w, https:\/\/www.mycsr.de\/home\/wp-content\/uploads\/2026\/03\/22159_ced1ee8d0525300.jpg 1004w\" sizes=\"auto, (max-width: 300px) 100vw, 300px\" \/><\/p>\n<p>&nbsp;<\/p>\n<\/div>\n<div><\/div>\n<div class=\"row\"><a href=\"https:\/\/www.mycsr.de\/home\/wp-content\/uploads\/2026\/03\/Kuchenverkauf-fuer-einen-guten-Zweck.pdf\" class=\"pdfemb-viewer\" style=\"\" data-width=\"max\" data-height=\"max\" data-toolbar=\"bottom\" data-toolbar-fixed=\"off\">Kuchenverkauf f\u00fcr einen guten Zweck<\/a><\/div>\n<div><\/div>\n<div>\n<a href=\"https:\/\/www.mycsr.de\/home\/wp-content\/uploads\/2025\/12\/Artikel-Homepage-Floorballturnier-2025.pdf\" class=\"pdfemb-viewer\" style=\"\" data-width=\"max\" data-height=\"max\" data-toolbar=\"bottom\" data-toolbar-fixed=\"off\">Artikel Homepage Floorballturnier 2025<\/a>\n<\/div>\n<p>&nbsp;<\/p>\n<a href=\"https:\/\/www.mycsr.de\/home\/wp-content\/uploads\/2025\/11\/Ein-Tag-in-der-Haard-mit-dem-LUMBRIRICUS1.pdf\" class=\"pdfemb-viewer\" style=\"\" data-width=\"max\" data-height=\"max\" data-toolbar=\"bottom\" data-toolbar-fixed=\"off\">Ein Tag in der Haard mit dem LUMBRIRICUS(1)<\/a>\n<p>&nbsp;<\/p>\n<a href=\"https:\/\/www.mycsr.de\/home\/wp-content\/uploads\/2025\/11\/Zu-Besuch-beim-BK-Ostvest-Datteln-2.pdf\" class=\"pdfemb-viewer\" style=\"\" data-width=\"max\" data-height=\"max\" data-toolbar=\"bottom\" data-toolbar-fixed=\"off\">Zu Besuch beim BK Ostvest Datteln (2)<\/a>\n<p>&nbsp;<\/p>\n<p>ENDLICH ONLINE!!<\/p>\n<p>Seit August 2024 befindet sich auf unserem Schuldach eine Photovoltaikanlage mit einer Leistung von ca. 99 kWp, die den t\u00e4glichen Stromverbrauch im gesamten Schulzentrum bei Sonnenschein mehr als decken soll, seit Anfang 2025 ist die Anlage beim Netzbetreiber in Betrieb.<\/p>\n<p>Seit letzter Woche nun wird der t\u00e4gliche Verbrauch im Schulzentrum, aber auch die t\u00e4glich produzierte Energie f\u00fcr alle sichtbar. In unserer Pausenhalle h\u00e4ngt ein Monitor, der den aktuellen Verbrauch sowie die Produktion der Energie darstellt.<\/p>\n<p>Vielen Dank der ENERGIEGENOSSENSCHAFT Oer-Erkenschwick, die sowohl die PV-Anlage als auch den Monitor als ihr <strong>erstes<\/strong> Projekt realisiert und installiert hat!!<\/p>\n<p>05.03.2025 R. Petek<\/p>\n<p>&nbsp;<\/p>\n<p>&nbsp;<\/p>\n<p>&nbsp;<\/p>\n<p><iframe src=\"https:\/\/maps.google.com\/maps?q=Christoph-St%C3%B6ver-Realschule%2CDeutschland&amp;t=m&amp;z=16&amp;output=embed&amp;iwloc=near\" frameborder=\"0\" marginwidth=\"0\" marginheight=\"0\" scrolling=\"no\" aria-label=\"Christoph-St\u00f6ver-Realschule,Deutschland\" data-mce-fragment=\"1\"><\/iframe><\/p>\n<p>&nbsp;<\/p>\n","protected":false},"excerpt":{"rendered":"<p>Sehr geehrte Eltern der Jahrgangstufe 5-9, am 23.04.26 hat Ihr Kind die M\u00f6glichkeit am Girlsday\/Boysday teilzunehmen. Es handelt sich um [&hellip;]<\/p>\n","protected":false},"author":1,"featured_media":710,"parent":0,"menu_order":0,"comment_status":"closed","ping_status":"closed","template":"","meta":{"footnotes":""},"class_list":["post-8","page","type-page","status-publish","has-post-thumbnail","hentry"],"_links":{"self":[{"href":"https:\/\/www.mycsr.de\/home\/wp-json\/wp\/v2\/pages\/8","targetHints":{"allow":["GET"]}}],"collection":[{"href":"https:\/\/www.mycsr.de\/home\/wp-json\/wp\/v2\/pages"}],"about":[{"href":"https:\/\/www.mycsr.de\/home\/wp-json\/wp\/v2\/types\/page"}],"author":[{"embeddable":true,"href":"https:\/\/www.mycsr.de\/home\/wp-json\/wp\/v2\/users\/1"}],"replies":[{"embeddable":true,"href":"https:\/\/www.mycsr.de\/home\/wp-json\/wp\/v2\/comments?post=8"}],"version-history":[{"count":252,"href":"https:\/\/www.mycsr.de\/home\/wp-json\/wp\/v2\/pages\/8\/revisions"}],"predecessor-version":[{"id":1489,"href":"https:\/\/www.mycsr.de\/home\/wp-json\/wp\/v2\/pages\/8\/revisions\/1489"}],"wp:featuredmedia":[{"embeddable":true,"href":"https:\/\/www.mycsr.de\/home\/wp-json\/wp\/v2\/media\/710"}],"wp:attachment":[{"href":"https:\/\/www.mycsr.de\/home\/wp-json\/wp\/v2\/media?parent=8"}],"curies":[{"name":"wp","href":"https:\/\/api.w.org\/{rel}","templated":true}]}}