{"id":676,"date":"2022-11-12T15:48:21","date_gmt":"2022-11-12T14:48:21","guid":{"rendered":"https:\/\/www.mycsr.de\/home\/?page_id=676"},"modified":"2025-03-05T10:33:59","modified_gmt":"2025-03-05T09:33:59","slug":"foerderverein","status":"publish","type":"page","link":"https:\/\/www.mycsr.de\/home\/foerderverein\/","title":{"rendered":"F\u00f6rderverein"},"content":{"rendered":"<a href=\"https:\/\/www.mycsr.de\/home\/wp-content\/uploads\/2025\/03\/KARNEVALSDISKO-2025.pdf\" class=\"pdfemb-viewer\" style=\"\" data-width=\"max\" data-height=\"max\" data-toolbar=\"bottom\" data-toolbar-fixed=\"off\">KARNEVALSDISKO 2025<\/a>\n<a href=\"https:\/\/www.mycsr.de\/home\/wp-content\/uploads\/2025\/02\/Elternbrief-Karnevalsdisco-2025_v2.pdf\" class=\"pdfemb-viewer\" style=\"\" data-width=\"max\" data-height=\"max\" data-toolbar=\"bottom\" data-toolbar-fixed=\"off\">Elternbrief Karnevalsdisco 2025_v2<\/a>\n<a href=\"https:\/\/www.mycsr.de\/home\/wp-content\/uploads\/2023\/10\/Endversion-Artikel-Maskenball-2.pdf\" class=\"pdfemb-viewer\" style=\"\" data-width=\"max\" data-height=\"max\" data-toolbar=\"bottom\" data-toolbar-fixed=\"off\">Endversion Artikel Maskenball<\/a>\n<a href=\"https:\/\/www.mycsr.de\/home\/wp-content\/uploads\/2023\/10\/Elternbrief-Maskenball-2023.pdf\" class=\"pdfemb-viewer\" style=\"\" data-width=\"max\" data-height=\"max\" data-toolbar=\"bottom\" data-toolbar-fixed=\"off\">Elternbrief Maskenball 2023<\/a>\n<a href=\"https:\/\/www.mycsr.de\/home\/wp-content\/uploads\/2023\/09\/Jahreshauptversammlung-Einladung-2023.pdf\" class=\"pdfemb-viewer\" style=\"\" data-width=\"max\" data-height=\"max\" data-toolbar=\"bottom\" data-toolbar-fixed=\"off\">Jahreshauptversammlung Einladung 2023<\/a>\n<a href=\"https:\/\/www.mycsr.de\/home\/wp-content\/uploads\/2023\/04\/CSR_Foerderverein_Flyer_2023.pdf\" class=\"pdfemb-viewer\" style=\"\" data-width=\"max\" data-height=\"max\" data-toolbar=\"bottom\" data-toolbar-fixed=\"off\">CSR_Foerderverein_Flyer_2023<\/a>\n<p>&nbsp;<\/p>\n<p>&nbsp;<\/p>\n<p>Sehr geehrte Erziehungsberechtigte, liebe Eltern,<\/p>\n<p>wir w\u00fcrden uns sehr freuen, wenn Sie uns unterst\u00fctzen und Mitglied im F\u00f6rderverein werden w\u00fcrden. Den Antrag finden Sie hier: <a href=\"https:\/\/www.mycsr.de\/home\/wp-content\/uploads\/2023\/01\/Beitrittserklaerung-Foerderverein-CSR.pdf.zip\">Beitrittserkl\u00e4rung F\u00f6rderverein CSR.pdf<\/a><\/p>\n<p>&nbsp;<\/p>\n<a href=\"https:\/\/www.mycsr.de\/home\/wp-content\/uploads\/2023\/01\/Elternbrief-Karnevalsdisco-2023-1.pdf\" class=\"pdfemb-viewer\" style=\"\" data-width=\"max\" data-height=\"max\" data-toolbar=\"bottom\" data-toolbar-fixed=\"off\">Elternbrief Karnevalsdisco 2023<\/a>\n<p>&nbsp;<\/p>\n","protected":false},"excerpt":{"rendered":"<p>&nbsp; &nbsp; Sehr geehrte Erziehungsberechtigte, liebe Eltern, wir w\u00fcrden uns sehr freuen, wenn Sie uns unterst\u00fctzen und Mitglied im F\u00f6rderverein [&hellip;]<\/p>\n","protected":false},"author":2,"featured_media":0,"parent":0,"menu_order":0,"comment_status":"closed","ping_status":"closed","template":"","meta":{"footnotes":""},"class_list":["post-676","page","type-page","status-publish","hentry"],"_links":{"self":[{"href":"https:\/\/www.mycsr.de\/home\/wp-json\/wp\/v2\/pages\/676","targetHints":{"allow":["GET"]}}],"collection":[{"href":"https:\/\/www.mycsr.de\/home\/wp-json\/wp\/v2\/pages"}],"about":[{"href":"https:\/\/www.mycsr.de\/home\/wp-json\/wp\/v2\/types\/page"}],"author":[{"embeddable":true,"href":"https:\/\/www.mycsr.de\/home\/wp-json\/wp\/v2\/users\/2"}],"replies":[{"embeddable":true,"href":"https:\/\/www.mycsr.de\/home\/wp-json\/wp\/v2\/comments?post=676"}],"version-history":[{"count":13,"href":"https:\/\/www.mycsr.de\/home\/wp-json\/wp\/v2\/pages\/676\/revisions"}],"predecessor-version":[{"id":1306,"href":"https:\/\/www.mycsr.de\/home\/wp-json\/wp\/v2\/pages\/676\/revisions\/1306"}],"wp:attachment":[{"href":"https:\/\/www.mycsr.de\/home\/wp-json\/wp\/v2\/media?parent=676"}],"curies":[{"name":"wp","href":"https:\/\/api.w.org\/{rel}","templated":true}]}}