{"id":612,"date":"2022-10-26T18:20:18","date_gmt":"2022-10-26T16:20:18","guid":{"rendered":"https:\/\/www.mycsr.de\/home\/?page_id=612"},"modified":"2023-12-16T08:21:58","modified_gmt":"2023-12-16T07:21:58","slug":"hinweis","status":"publish","type":"page","link":"https:\/\/www.mycsr.de\/home\/hinweis\/","title":{"rendered":"Hinweise"},"content":{"rendered":"<p>a) alle Inhalte dieser Homepage insbesondere Texte, Fotografien und Grafiken sind urheberrechtlich gesch\u00fctzt. Das Urheberrecht liegt, soweit nicht ausdr\u00fccklich anders gekennzeichnet, bei der Schulleitung der Christoph-St\u00f6ver-Realschule.<\/p>\n<p>b) Gendern soll die Sprache gerechter, inklusiver und frei von Diskriminierungen machen!\u00a0Daher werden wir zuk\u00fcnftig folgende einheitliche Schreibweise in allen\u00a0Elternbriefen und Konzepten \u00fcbernehmen:\u00a0<u>Lehrkr\u00e4fte<\/u> statt Lehrer und Lehrerinnen und\u00a0<u>Lernende<\/u> statt Sch\u00fcler und Sch\u00fclerinnen etc..<\/p>\n<div>Dieser Beschluss wurde in der Lehrerkonferenz am 24.10.2022 getroffen, findet sich aber in einigen Konzepten auf unserer Homepage derzeit noch nicht wieder.<\/div>\n<div><\/div>\n<h5>Wir arbeiten dran!!<\/h5>\n<div><\/div>\n<div><\/div>\n<div>R. Petek, stellv. Schulleiterin<\/div>\n","protected":false},"excerpt":{"rendered":"<p>a) alle Inhalte dieser Homepage insbesondere Texte, Fotografien und Grafiken sind urheberrechtlich gesch\u00fctzt. Das Urheberrecht liegt, soweit nicht ausdr\u00fccklich anders [&hellip;]<\/p>\n","protected":false},"author":2,"featured_media":0,"parent":0,"menu_order":0,"comment_status":"closed","ping_status":"closed","template":"","meta":{"footnotes":""},"class_list":["post-612","page","type-page","status-publish","hentry"],"_links":{"self":[{"href":"https:\/\/www.mycsr.de\/home\/wp-json\/wp\/v2\/pages\/612","targetHints":{"allow":["GET"]}}],"collection":[{"href":"https:\/\/www.mycsr.de\/home\/wp-json\/wp\/v2\/pages"}],"about":[{"href":"https:\/\/www.mycsr.de\/home\/wp-json\/wp\/v2\/types\/page"}],"author":[{"embeddable":true,"href":"https:\/\/www.mycsr.de\/home\/wp-json\/wp\/v2\/users\/2"}],"replies":[{"embeddable":true,"href":"https:\/\/www.mycsr.de\/home\/wp-json\/wp\/v2\/comments?post=612"}],"version-history":[{"count":8,"href":"https:\/\/www.mycsr.de\/home\/wp-json\/wp\/v2\/pages\/612\/revisions"}],"predecessor-version":[{"id":1116,"href":"https:\/\/www.mycsr.de\/home\/wp-json\/wp\/v2\/pages\/612\/revisions\/1116"}],"wp:attachment":[{"href":"https:\/\/www.mycsr.de\/home\/wp-json\/wp\/v2\/media?parent=612"}],"curies":[{"name":"wp","href":"https:\/\/api.w.org\/{rel}","templated":true}]}}