{"id":136,"date":"2022-05-20T16:51:17","date_gmt":"2022-05-20T14:51:17","guid":{"rendered":"https:\/\/www.mycsr.de\/home\/?page_id=136"},"modified":"2025-10-08T19:19:17","modified_gmt":"2025-10-08T17:19:17","slug":"eltern-und-schuelervertreter","status":"publish","type":"page","link":"https:\/\/www.mycsr.de\/home\/eltern-und-schuelervertreter\/","title":{"rendered":"Eltern und Sch\u00fclervertreter"},"content":{"rendered":"\n<p><\/p>\n\n\n\n<h2 class=\"wp-block-heading has-pale-cyan-blue-background-color has-background\">Elternmitwirkung<\/h2>\n\n\n\n<p><\/p>\n\n\n\n<p>Zu Beginn des Schuljahres werden alle Eltern und Erziehungsberechtigten zur Klassenpflegschaftssitzung eingeladen. Hier bekommen sie wichtige Informationen \u00fcber Unterrichtsinhalte und Lernmittel sowie \u00fcber alles, was die Klasse ihres Kindes betrifft. Bei der ersten Sitzung der Klassenpflegschaft w\u00e4hlen die Eltern\/Erziehungsberechtigten eine Vorsitzende\/einen Vorsitzenden und einen Stellvertreter\/in. Die Vorsitzende oder der Vorsitzende vertritt die Interessen der Eltern in der Schulpflegschaft.<\/p>\n\n\n\n<p>Alle Klassenpflegschaftsvorsitzenden nehmen an der Sitzung der Schulpflegschaft teil. Die Schulpflegschaft vertritt die Interessen aller Eltern der Schule gegen\u00fcber der Schulleitung und den anderen Mitwirkungsgremien. Die Schulpflegschaft w\u00e4hlt eine Vorsitzende oder einen Vorsitzenden und einen Stellvertreter\/in sowie die Elternvertretung f\u00fcr die Schulkonferenz.<\/p>\n\n\n\n<p>Die Schulkonferenz ist das h\u00f6chste Gremium der Schule. Ihr geh\u00f6ren aktuell sechs Elternvertreter\/innen, sechs Lehrer\/innen und sechs Sch\u00fcler\/innen  an.<\/p>\n\n\n\n<p>Im Schuljahr 2025\/26 wurden gew\u00e4hlt:<\/p>\n\n\n\n<p class=\"has-text-align-left\">als Schulpflegschaftsvorsitzende: Fr. Sommer (5c). Ihre Vertreterin ist Fr. Yigit (6a)<\/p>\n\n\n\n<p class=\"has-text-align-left\"><\/p>\n\n\n\n<h2 class=\"wp-block-heading has-pale-cyan-blue-background-color has-background\">Sch\u00fclervertretung (SV)<\/h2>\n\n\n\n<p><\/p>\n\n\n\n<p>Die Arbeit der Sch\u00fclervertretung (SV) hat das Ziel, Sch\u00fclerinteressen wahrzunehmen und umzusetzen. Die Sch\u00fclervertretung ist das Bindeglied zwischen Sch\u00fcler\/innen und Lehrer\/innen. Herr Kahya ist derzeit unser SV-Lehrer und beruft die Treffen der SV regelm\u00e4\u00dfig ein. Gemeinsam mit den Sch\u00fcler\/innen plant er verschiedene Aktionen wie z.B. die Nikolaus- und Osterhasenaktion.<\/p>\n\n\n\n<p>Im Schuljahr 2025\/26 wurde gew\u00e4hlt:<\/p>\n\n\n\n<p>als Sch\u00fclersprecher: Tyler L\u00f6ffler\/ 10c. Seine Vertreterin ist Emily Westphal\/ 10b.<\/p>\n\n\n\n<p><\/p>\n\n\n\n<p><\/p>\n\n\n\n<p><\/p>\n\n\n\n<p><\/p>\n\n\n\n<p><\/p>\n\n\n\n<p><\/p>\n","protected":false},"excerpt":{"rendered":"<p>Elternmitwirkung Zu Beginn des Schuljahres werden alle Eltern und Erziehungsberechtigten zur Klassenpflegschaftssitzung eingeladen. Hier bekommen sie wichtige Informationen \u00fcber Unterrichtsinhalte [&hellip;]<\/p>\n","protected":false},"author":2,"featured_media":0,"parent":0,"menu_order":0,"comment_status":"closed","ping_status":"closed","template":"","meta":{"footnotes":""},"class_list":["post-136","page","type-page","status-publish","hentry"],"_links":{"self":[{"href":"https:\/\/www.mycsr.de\/home\/wp-json\/wp\/v2\/pages\/136","targetHints":{"allow":["GET"]}}],"collection":[{"href":"https:\/\/www.mycsr.de\/home\/wp-json\/wp\/v2\/pages"}],"about":[{"href":"https:\/\/www.mycsr.de\/home\/wp-json\/wp\/v2\/types\/page"}],"author":[{"embeddable":true,"href":"https:\/\/www.mycsr.de\/home\/wp-json\/wp\/v2\/users\/2"}],"replies":[{"embeddable":true,"href":"https:\/\/www.mycsr.de\/home\/wp-json\/wp\/v2\/comments?post=136"}],"version-history":[{"count":11,"href":"https:\/\/www.mycsr.de\/home\/wp-json\/wp\/v2\/pages\/136\/revisions"}],"predecessor-version":[{"id":1396,"href":"https:\/\/www.mycsr.de\/home\/wp-json\/wp\/v2\/pages\/136\/revisions\/1396"}],"wp:attachment":[{"href":"https:\/\/www.mycsr.de\/home\/wp-json\/wp\/v2\/media?parent=136"}],"curies":[{"name":"wp","href":"https:\/\/api.w.org\/{rel}","templated":true}]}}