{"id":133,"date":"2022-05-20T16:50:37","date_gmt":"2022-05-20T14:50:37","guid":{"rendered":"https:\/\/www.mycsr.de\/home\/?page_id=133"},"modified":"2023-10-28T12:40:43","modified_gmt":"2023-10-28T10:40:43","slug":"sekretariat-hausmeister","status":"publish","type":"page","link":"https:\/\/www.mycsr.de\/home\/sekretariat-hausmeister\/","title":{"rendered":"Sekretariat\/Hausmeister"},"content":{"rendered":"\n<h2 class=\"wp-block-heading has-pale-pink-background-color has-background\">Sekretariat<\/h2>\n\n\n\n<p><\/p>\n\n\n\n<p>Unsere\u00a0<strong>Sekret\u00e4rin, Fr. Winkel,<\/strong>\u00a0ist die erste Anlaufstelle f\u00fcr gro\u00dfe und kleine Sorgen.<br><strong>Sie ist t\u00e4glich in der Zeit von 7.30 Uhr bis 14.00 Uhr in ihrem B\u00fcro anzutreffen.<\/strong>\u00a0<\/p>\n\n\n\n<p>Das Sekretariat ist telefonisch \u00fcber 02368-4300 oder per Mail \u00fcber sekretariat@csr-o-e.de zu erreichen.<\/p>\n\n\n\n<figure class=\"wp-block-image size-full is-resized\"><img loading=\"lazy\" decoding=\"async\" width=\"474\" height=\"632\" src=\"https:\/\/www.mycsr.de\/home\/wp-content\/uploads\/2022\/09\/MWinkel-edited.jpeg\" alt=\"\" class=\"wp-image-471\" style=\"aspect-ratio:0.75;width:273px;height:auto\" srcset=\"https:\/\/www.mycsr.de\/home\/wp-content\/uploads\/2022\/09\/MWinkel-edited.jpeg 474w, https:\/\/www.mycsr.de\/home\/wp-content\/uploads\/2022\/09\/MWinkel-edited-225x300.jpeg 225w\" sizes=\"auto, (max-width: 474px) 100vw, 474px\" \/><\/figure>\n\n\n\n<p>\u00a9 R. Petek<\/p>\n\n\n\n<p><\/p>\n\n\n\n<h2 class=\"wp-block-heading has-cyan-bluish-gray-background-color has-background\">Hausmeister<\/h2>\n\n\n\n<p> <\/p>\n\n\n\n<p><\/p>\n\n\n\n<p><strong>Herrn Neudeck, unseren Hausmeister<\/strong>, teilen wir uns mit der Paul-Gerhardt- Schule.\u00a0 Daher ist er auch nur selten in seinem B\u00fcro anzutreffen.<br>Wer ihn erreichen will, sollte dieses \u00fcber seine dienstliche Handynummer versuchen: 01520\/9084645.\u00a0<br><strong>Er ist t\u00e4glich von 7.00 bis 15.00 Uhr im Dienst, au\u00dfer freitags.<\/strong><\/p>\n\n\n<div class=\"wp-block-image\">\n<figure class=\"aligncenter size-large is-resized\"><img loading=\"lazy\" decoding=\"async\" width=\"2560\" height=\"2560\" src=\"https:\/\/www.mycsr.de\/home\/wp-content\/uploads\/2023\/10\/Neudeck-edited-scaled.jpg\" alt=\"\" class=\"wp-image-1020\" style=\"aspect-ratio:0.75;width:268px;height:auto\" srcset=\"https:\/\/www.mycsr.de\/home\/wp-content\/uploads\/2023\/10\/Neudeck-edited-scaled.jpg 2560w, https:\/\/www.mycsr.de\/home\/wp-content\/uploads\/2023\/10\/Neudeck-edited-300x300.jpg 300w, https:\/\/www.mycsr.de\/home\/wp-content\/uploads\/2023\/10\/Neudeck-edited-1024x1024.jpg 1024w, https:\/\/www.mycsr.de\/home\/wp-content\/uploads\/2023\/10\/Neudeck-edited-150x150.jpg 150w, https:\/\/www.mycsr.de\/home\/wp-content\/uploads\/2023\/10\/Neudeck-edited-768x768.jpg 768w, https:\/\/www.mycsr.de\/home\/wp-content\/uploads\/2023\/10\/Neudeck-edited-1536x1536.jpg 1536w, https:\/\/www.mycsr.de\/home\/wp-content\/uploads\/2023\/10\/Neudeck-edited-2048x2048.jpg 2048w\" sizes=\"auto, (max-width: 2560px) 100vw, 2560px\" \/><\/figure>\n<\/div>\n\n\n<p class=\"has-text-align-center\">\u00a9 R. Petek<\/p>\n\n\n\n<p class=\"has-text-align-center\"><\/p>\n\n\n\n<p><br><\/p>\n","protected":false},"excerpt":{"rendered":"<p>Sekretariat Unsere\u00a0Sekret\u00e4rin, Fr. Winkel,\u00a0ist die erste Anlaufstelle f\u00fcr gro\u00dfe und kleine Sorgen.Sie ist t\u00e4glich in der Zeit von 7.30 Uhr [&hellip;]<\/p>\n","protected":false},"author":2,"featured_media":0,"parent":0,"menu_order":0,"comment_status":"closed","ping_status":"closed","template":"","meta":{"footnotes":""},"class_list":["post-133","page","type-page","status-publish","hentry"],"_links":{"self":[{"href":"https:\/\/www.mycsr.de\/home\/wp-json\/wp\/v2\/pages\/133","targetHints":{"allow":["GET"]}}],"collection":[{"href":"https:\/\/www.mycsr.de\/home\/wp-json\/wp\/v2\/pages"}],"about":[{"href":"https:\/\/www.mycsr.de\/home\/wp-json\/wp\/v2\/types\/page"}],"author":[{"embeddable":true,"href":"https:\/\/www.mycsr.de\/home\/wp-json\/wp\/v2\/users\/2"}],"replies":[{"embeddable":true,"href":"https:\/\/www.mycsr.de\/home\/wp-json\/wp\/v2\/comments?post=133"}],"version-history":[{"count":12,"href":"https:\/\/www.mycsr.de\/home\/wp-json\/wp\/v2\/pages\/133\/revisions"}],"predecessor-version":[{"id":1021,"href":"https:\/\/www.mycsr.de\/home\/wp-json\/wp\/v2\/pages\/133\/revisions\/1021"}],"wp:attachment":[{"href":"https:\/\/www.mycsr.de\/home\/wp-json\/wp\/v2\/media?parent=133"}],"curies":[{"name":"wp","href":"https:\/\/api.w.org\/{rel}","templated":true}]}}